{"id":442,"date":"2015-04-27T16:59:16","date_gmt":"2015-04-27T16:59:16","guid":{"rendered":"http:\/\/www.urgencetogo.fr\/?page_id=442"},"modified":"2015-04-28T17:35:19","modified_gmt":"2015-04-28T17:35:19","slug":"dates-cles-2","status":"publish","type":"page","link":"https:\/\/www.urgencetogo.fr\/?page_id=442","title":{"rendered":"Dates cl\u00e9s"},"content":{"rendered":"<p align=\"justify\"><span style=\"font-size: x-large;\">1847<\/span> <span style=\"font-size: large;\">\u2192 arriv\u00e9e des missionnaires allemands au Togo. <\/span><\/p>\n<p align=\"justify\"><span style=\"font-size: x-large;\">1922<\/span><span style=\"font-size: large;\"> \u2192 suite \u00e0 la d\u00e9faite de l&rsquo;Allemagne lors de la Premi\u00e8re Guerre mondiale, la Soci\u00e9t\u00e9 des Nations Unies divise le Togo entre le Royaume-Uni et la France. <\/span><\/p>\n<p align=\"justify\"><span style=\"font-size: x-large;\">1956 <\/span><span style=\"font-size: large;\">\u2192 le territoire fran\u00e7ais est devenu la R\u00e9publique autonome du Togo. <\/span><\/p>\n<p align=\"justify\"><span style=\"font-size: large;\"><span style=\"font-size: x-large;\">27 avril 1960<\/span> \u2192 le Togo acquiert sa pleine ind\u00e9pendance. <\/span><\/p>\n<p align=\"justify\"><span style=\"font-size: x-large;\">1967 <\/span><span style=\"font-size: large;\">\u2192 arriv\u00e9e au pouvoir du G\u00e9n\u00e9ral Etienne <\/span><span style=\"font-size: large;\">Gnassingb\u00e9 Eyadema. <\/span><\/p>\n<p align=\"justify\"><span style=\"font-size: x-large;\">1979 <\/span><span style=\"font-size: large;\">\u2192 adoption d&rsquo;une nouvelle Constitution et proclamation de la troisi\u00e8me R\u00e9publique du Togo. <\/span><\/p>\n","protected":false},"excerpt":{"rendered":"<p>1847 \u2192 arriv\u00e9e des missionnaires allemands au Togo. 1922 \u2192 suite \u00e0 la d\u00e9faite de l&rsquo;Allemagne lors de la Premi\u00e8re Guerre mondiale, la Soci\u00e9t\u00e9 des Nations Unies divise le Togo entre le Royaume-Uni et la France. 1956 \u2192 le territoire &hellip; <a href=\"https:\/\/www.urgencetogo.fr\/?page_id=442\">Continuer la lecture <span class=\"meta-nav\">&rarr;<\/span><\/a><\/p>\n","protected":false},"author":9,"featured_media":0,"parent":0,"menu_order":0,"comment_status":"closed","ping_status":"open","template":"","meta":{"_mc_calendar":[]},"_links":{"self":[{"href":"https:\/\/www.urgencetogo.fr\/index.php?rest_route=\/wp\/v2\/pages\/442"}],"collection":[{"href":"https:\/\/www.urgencetogo.fr\/index.php?rest_route=\/wp\/v2\/pages"}],"about":[{"href":"https:\/\/www.urgencetogo.fr\/index.php?rest_route=\/wp\/v2\/types\/page"}],"author":[{"embeddable":true,"href":"https:\/\/www.urgencetogo.fr\/index.php?rest_route=\/wp\/v2\/users\/9"}],"replies":[{"embeddable":true,"href":"https:\/\/www.urgencetogo.fr\/index.php?rest_route=%2Fwp%2Fv2%2Fcomments&post=442"}],"version-history":[{"count":3,"href":"https:\/\/www.urgencetogo.fr\/index.php?rest_route=\/wp\/v2\/pages\/442\/revisions"}],"predecessor-version":[{"id":448,"href":"https:\/\/www.urgencetogo.fr\/index.php?rest_route=\/wp\/v2\/pages\/442\/revisions\/448"}],"wp:attachment":[{"href":"https:\/\/www.urgencetogo.fr\/index.php?rest_route=%2Fwp%2Fv2%2Fmedia&parent=442"}],"curies":[{"name":"wp","href":"https:\/\/api.w.org\/{rel}","templated":true}]}}