{"id":297,"date":"2015-04-24T09:58:32","date_gmt":"2015-04-24T09:58:32","guid":{"rendered":"http:\/\/www.urgencetogo.fr\/?page_id=297"},"modified":"2015-04-27T11:11:05","modified_gmt":"2015-04-27T11:11:05","slug":"organigramme","status":"publish","type":"page","link":"https:\/\/www.urgencetogo.fr\/?page_id=297","title":{"rendered":"Organigramme"},"content":{"rendered":"<p align=\"center\"><span style=\"font-size: large;\"><strong><span style=\"color: #ff6600;\"><span style=\"font-family: Tibetan Machine Uni;\"><span style=\"font-size: x-large;\">Le Bureau<\/span><\/span><\/span><\/strong><\/span><\/p>\n<p align=\"justify\"><strong><span style=\"font-size: large;\"><u>Pr\u00e9sident<\/u><\/span><\/strong><span style=\"font-size: large;\"> : Lemerle Pascal<\/span><\/p>\n<p align=\"justify\"><strong><span style=\"font-size: large;\"><u>Vice-Pr\u00e9sident<\/u><\/span><\/strong><span style=\"font-size: large;\">\u00a0: Lawson Gadi<\/span><\/p>\n<p align=\"justify\"><strong><span style=\"font-size: large;\"><u>Tr\u00e9sorier<\/u><\/span><\/strong><strong><span style=\"font-size: large;\"> :<\/span><\/strong><span style=\"font-size: large;\"> Dupont Pierre-Yves<\/span><\/p>\n<p align=\"justify\"><span style=\"font-size: large;\">Chouquet Maryline\u00a0; Dugast Anne\u00a0; Gouraud Solange\u00a0; Gouret Anne\u00a0; Truet Alain.<\/span><\/p>\n<p align=\"justify\"><span style=\"font-size: large;\">Il se r\u00e9unit, une fois par mois et \u00e9tudie l\u2019ensemble des projets qui lui sont soumis. Il s\u2019occupe du fonctionnement de l\u2019association et du maintien des relations avec les partenaires au Togo, ainsi que le Groupe Relais\u00a0 d\u2019Urgence Togo.<\/span><\/p>\n<p align=\"justify\">\n<p align=\"center\"><strong><span style=\"color: #ff6600;\"><span style=\"font-family: Tibetan Machine Uni;\"><span style=\"font-size: x-large;\">Le Groupe Relais d&rsquo;Urgence Togo<\/span><\/span><\/span><\/strong><\/p>\n<p align=\"justify\"><span style=\"font-size: large;\">Constitu\u00e9 de Togolais et Togolaises r\u00e9sidant au Togo, le groupe permet d\u2019avoir un interm\u00e9diaire sur place. Ils permettent d\u2019obtenir des informations diverses, ils peuvent se rendre sur place et visiter les diff\u00e9rents partenaires avec lesquels Urgence Togo a d\u00e9cid\u00e9 de travailler.<\/span><\/p>\n<p><strong><span style=\"color: #ff3333;\"><span style=\"font-size: x-large;\">\u00a0<\/span><\/span><\/strong><\/p>\n","protected":false},"excerpt":{"rendered":"<p>Le Bureau Pr\u00e9sident : Lemerle Pascal Vice-Pr\u00e9sident\u00a0: Lawson Gadi Tr\u00e9sorier : Dupont Pierre-Yves Chouquet Maryline\u00a0; Dugast Anne\u00a0; Gouraud Solange\u00a0; Gouret Anne\u00a0; Truet Alain. Il se r\u00e9unit, une fois par mois et \u00e9tudie l\u2019ensemble des projets qui lui sont soumis. Il &hellip; <a href=\"https:\/\/www.urgencetogo.fr\/?page_id=297\">Continuer la lecture <span class=\"meta-nav\">&rarr;<\/span><\/a><\/p>\n","protected":false},"author":9,"featured_media":0,"parent":0,"menu_order":0,"comment_status":"closed","ping_status":"open","template":"","meta":{"_mc_calendar":[]},"_links":{"self":[{"href":"https:\/\/www.urgencetogo.fr\/index.php?rest_route=\/wp\/v2\/pages\/297"}],"collection":[{"href":"https:\/\/www.urgencetogo.fr\/index.php?rest_route=\/wp\/v2\/pages"}],"about":[{"href":"https:\/\/www.urgencetogo.fr\/index.php?rest_route=\/wp\/v2\/types\/page"}],"author":[{"embeddable":true,"href":"https:\/\/www.urgencetogo.fr\/index.php?rest_route=\/wp\/v2\/users\/9"}],"replies":[{"embeddable":true,"href":"https:\/\/www.urgencetogo.fr\/index.php?rest_route=%2Fwp%2Fv2%2Fcomments&post=297"}],"version-history":[{"count":16,"href":"https:\/\/www.urgencetogo.fr\/index.php?rest_route=\/wp\/v2\/pages\/297\/revisions"}],"predecessor-version":[{"id":411,"href":"https:\/\/www.urgencetogo.fr\/index.php?rest_route=\/wp\/v2\/pages\/297\/revisions\/411"}],"wp:attachment":[{"href":"https:\/\/www.urgencetogo.fr\/index.php?rest_route=%2Fwp%2Fv2%2Fmedia&parent=297"}],"curies":[{"name":"wp","href":"https:\/\/api.w.org\/{rel}","templated":true}]}}