{"id":294,"date":"2015-04-24T09:58:06","date_gmt":"2015-04-24T09:58:06","guid":{"rendered":"http:\/\/www.urgencetogo.fr\/?page_id=294"},"modified":"2015-04-27T11:08:09","modified_gmt":"2015-04-27T11:08:09","slug":"historique","status":"publish","type":"page","link":"https:\/\/www.urgencetogo.fr\/?page_id=294","title":{"rendered":"Historique"},"content":{"rendered":"<p align=\"justify\"><span style=\"font-size: large;\">Suite aux \u00e9v\u00e9nements politiques qui ont boulevers\u00e9 la vie des Togolais dans le courant des ann\u00e9es 1992-1993, la majeure partie de la population de Lom\u00e9, la capitale, a d\u00fb fuir et se r\u00e9fugier au Ghana ou au B\u00e9nin. Ces r\u00e9fugi\u00e9s se trouvant dans une grande d\u00e9tresse, il est apparu n\u00e9cessaire \u00e0 quelques Nantais de se mobiliser afin de leur venir en aide.<\/span><\/p>\n<p align=\"justify\"><span style=\"font-size: large;\">D\u2019o\u00f9 la cr\u00e9ation et l\u2019appellation de l\u2019association <\/span><strong><span style=\"color: #ff6600;\"><span style=\"font-size: large;\">Urgence Togo<\/span><\/span><\/strong><strong><span style=\"font-size: large;\">, <\/span><\/strong><span style=\"font-size: large;\">d\u00e9clar\u00e9e en pr\u00e9fecture le<\/span><strong><span style=\"font-size: large;\"> 22 Mars 1993.<\/span><\/strong><\/p>\n<p align=\"justify\"><span style=\"font-size: large;\">Aujourd\u2019hui, la situation a chang\u00e9, les r\u00e9fugi\u00e9s pour une grande part sont rentr\u00e9s au pays. Cependant la mis\u00e8re et la d\u00e9tresse de la population sont toujours tr\u00e8s grande. L\u2019action d\u2019Urgence Togo s\u2019est donc orient\u00e9e vers le soutien financier de projets de d\u00e9veloppement.<\/span><\/p>\n<p><strong><span style=\"font-size: x-large;\">\u00a0<\/span><\/strong><\/p>\n<p align=\"justify\"><strong><span style=\"color: #ff0000;\"><span style=\"font-size: x-large;\">\u00a0<\/span><\/span><\/strong><\/p>\n","protected":false},"excerpt":{"rendered":"<p>Suite aux \u00e9v\u00e9nements politiques qui ont boulevers\u00e9 la vie des Togolais dans le courant des ann\u00e9es 1992-1993, la majeure partie de la population de Lom\u00e9, la capitale, a d\u00fb fuir et se r\u00e9fugier au Ghana ou au B\u00e9nin. Ces r\u00e9fugi\u00e9s &hellip; <a href=\"https:\/\/www.urgencetogo.fr\/?page_id=294\">Continuer la lecture <span class=\"meta-nav\">&rarr;<\/span><\/a><\/p>\n","protected":false},"author":9,"featured_media":0,"parent":0,"menu_order":0,"comment_status":"closed","ping_status":"open","template":"","meta":{"_mc_calendar":[]},"_links":{"self":[{"href":"https:\/\/www.urgencetogo.fr\/index.php?rest_route=\/wp\/v2\/pages\/294"}],"collection":[{"href":"https:\/\/www.urgencetogo.fr\/index.php?rest_route=\/wp\/v2\/pages"}],"about":[{"href":"https:\/\/www.urgencetogo.fr\/index.php?rest_route=\/wp\/v2\/types\/page"}],"author":[{"embeddable":true,"href":"https:\/\/www.urgencetogo.fr\/index.php?rest_route=\/wp\/v2\/users\/9"}],"replies":[{"embeddable":true,"href":"https:\/\/www.urgencetogo.fr\/index.php?rest_route=%2Fwp%2Fv2%2Fcomments&post=294"}],"version-history":[{"count":5,"href":"https:\/\/www.urgencetogo.fr\/index.php?rest_route=\/wp\/v2\/pages\/294\/revisions"}],"predecessor-version":[{"id":408,"href":"https:\/\/www.urgencetogo.fr\/index.php?rest_route=\/wp\/v2\/pages\/294\/revisions\/408"}],"wp:attachment":[{"href":"https:\/\/www.urgencetogo.fr\/index.php?rest_route=%2Fwp%2Fv2%2Fmedia&parent=294"}],"curies":[{"name":"wp","href":"https:\/\/api.w.org\/{rel}","templated":true}]}}