{"id":270,"date":"2015-04-23T17:06:35","date_gmt":"2015-04-23T17:06:35","guid":{"rendered":"http:\/\/www.urgencetogo.fr\/?page_id=270"},"modified":"2015-04-28T17:30:06","modified_gmt":"2015-04-28T17:30:06","slug":"le-togo-4","status":"publish","type":"page","link":"https:\/\/www.urgencetogo.fr\/?page_id=270","title":{"rendered":"Les symboles"},"content":{"rendered":"<p align=\"center\"><span style=\"color: #800080;\"><span style=\"font-family: Liberation Serif,serif;\"><span style=\"font-size: x-large;\"><u>Le drapeau du Togo<\/u><\/span><\/span><\/span><\/p>\n<p align=\"justify\"><span style=\"font-size: large;\"><b>Ahyi Paul <\/b><\/span><span style=\"font-size: large;\">est le cr\u00e9ateur du drapeau togolais. Celui-ci <\/span><span style=\"color: #000000;\"><span style=\"font-size: large;\">fut adopt\u00e9 au moment de l&rsquo;ind\u00e9pendance, les cinq bandes horizontales vertes repr\u00e9sentent la <\/span><\/span><span style=\"color: #000000;\"><span style=\"font-size: large;\"><b>foi en l&rsquo;avenir<\/b><\/span><\/span><span style=\"color: #000000;\"><span style=\"font-size: large;\"> et les <\/span><\/span><span style=\"color: #000000;\"><span style=\"font-size: large;\"><b>produits de la terre<\/b><\/span><\/span><span style=\"color: #000000;\"><span style=\"font-size: large;\">, les <\/span><\/span><span style=\"color: #000000;\"><span style=\"font-size: large;\">bandes <\/span><\/span><span style=\"color: #000000;\"><span style=\"font-size: large;\">jaunes<\/span><\/span><span style=\"color: #000000;\"><span style=\"font-size: large;\"> le <\/span><\/span><span style=\"color: #000000;\"><span style=\"font-size: large;\"><b>travai<\/b><\/span><\/span><span style=\"color: #000000;\"><span style=\"font-size: large;\"><b>l<\/b><\/span><\/span><span style=\"color: #000000;\"><span style=\"font-size: large;\"> e<\/span><\/span><a href=\"http:\/\/www.urgencetogo.fr\/wp-content\/uploads\/2015\/04\/tg.png\"><img loading=\"lazy\" class=\"  wp-image-419 alignright\" src=\"http:\/\/www.urgencetogo.fr\/wp-content\/uploads\/2015\/04\/tg-300x185.png\" alt=\"tg\" width=\"318\" height=\"196\" srcset=\"https:\/\/www.urgencetogo.fr\/wp-content\/uploads\/2015\/04\/tg-300x185.png 300w, https:\/\/www.urgencetogo.fr\/wp-content\/uploads\/2015\/04\/tg.png 550w\" sizes=\"(max-width: 318px) 100vw, 318px\" \/><\/a><span style=\"color: #000000;\"><span style=\"font-size: large;\">t les <\/span><\/span><span style=\"color: #000000;\"><span style=\"font-size: large;\"><b>ressources mini\u00e8res<\/b><\/span><\/span><span style=\"color: #000000;\"><span style=\"font-size: large;\"> du pays. Le champ rouge du canton \u00e9voqu<\/span><\/span><span style=\"color: #000000;\"><span style=\"font-size: large;\">e<\/span><\/span><span style=\"color: #000000;\"><span style=\"font-size: large;\"> la<\/span><\/span> <span style=\"color: #000000;\"><span style=\"font-size: large;\"><b>m\u00e9<\/b><\/span><\/span><span style=\"color: #000000;\"><span style=\"font-size: large;\"><b>moire des martyrs de la libert\u00e9<\/b><\/span><\/span><span style=\"color: #000000;\"><span style=\"font-size: large;\">, tout en \u00e9tant \u00e9galement <\/span><\/span><span style=\"color: #000000;\"><span style=\"font-size: large;\">symbole d&rsquo;<\/span><\/span><span style=\"color: #000000;\"><span style=\"font-size: large;\"><b>am<\/b><\/span><\/span><span style=\"color: #000000;\"><span style=\"font-size: large;\"><b>our<\/b><\/span><\/span><span style=\"color: #000000;\"><span style=\"font-size: large;\"> et de <\/span><\/span><span style=\"color: #000000;\"><span style=\"font-size: large;\"><b>fid\u00e9lit\u00e9<\/b><\/span><\/span><span style=\"color: #000000;\"><span style=\"font-size: large;\">. Qu<\/span><\/span><span style=\"color: #000000;\"><span style=\"font-size: large;\">ant \u00e0 l&rsquo;\u00e9toile blanche, elle repr\u00e9sente la <\/span><\/span><span style=\"color: #000000;\"><span style=\"font-size: large;\"><b>sagesse<\/b><\/span><\/span><span style=\"color: #000000;\"><span style=\"font-size: large;\"> et l&rsquo;<\/span><\/span><span style=\"color: #000000;\"><span style=\"font-size: large;\"><b>espo<\/b><\/span><\/span><span style=\"color: #000000;\"><span style=\"font-size: large;\"><b>ir<\/b><\/span><\/span><span style=\"color: #000000;\"><span style=\"font-size: large;\">.<\/span><\/span><span style=\"color: #000000;\"><span style=\"font-size: large;\"> P<\/span><\/span><span style=\"color: #000000;\"><span style=\"font-size: large;\">ar <\/span><\/span><span style=\"color: #000000;\"><span style=\"font-size: large;\">ailleurs<\/span><\/span><span style=\"color: #000000;\"><span style=\"font-size: large;\">, les trois <\/span><\/span><span style=\"color: #000000;\"><span style=\"font-size: large;\">couleurs que sont le rouge, le vert et le jaune sont cell<\/span><\/span><span style=\"color: #000000;\"><span style=\"font-size: large;\">es du panafricanisme.<\/span><\/span><\/p>\n<p align=\"center\"><span style=\"color: #800080;\"><span style=\"font-size: x-large;\"><u>La devise du Togo <\/u><\/span><\/span><\/p>\n<p align=\"justify\"><span style=\"color: #000000;\"><span style=\"font-size: x-large;\">\u00ab\u00a0Travail, Libert\u00e9, Patrie\u00a0\u00bb<\/span><\/span><\/p>\n<p align=\"center\"><span style=\"color: #800080;\"><span style=\"font-size: x-large;\"><u>L&rsquo;hymne national du Togo<\/u><\/span><\/span><\/p>\n<p align=\"justify\"><span style=\"font-size: large;\"><span style=\"color: #000000;\">L&rsquo;hymne national a \u00e9t\u00e9 \u00e9crit et compos\u00e9 par <\/span><span style=\"color: #000000;\"><b>Alex Casimir-Dosseh<\/b><\/span><span style=\"color: #000000;\">. <\/span><\/span><\/p>\n<p align=\"center\"><span style=\"color: #000000;\"><span style=\"font-size: x-large;\">Terre de nos a\u00efeux<\/span><\/span><\/p>\n<p align=\"center\"><span style=\"font-size: large;\">Salut \u00e0 toi pays de nos a\u00efeux,<br \/>\nToi qui les rendait forts,<\/span><br \/>\n<span style=\"font-size: large;\">Paisibles et joyeux,<br \/>\nCultivant vertu, vaillance,<br \/>\nPour la post\u00e9rit\u00e9<br \/>\nQue viennent les tyrans,<br \/>\nTon c\u0153ur soupire vers la libert\u00e9,<br \/>\nTogo debout, luttons sans d\u00e9faillance<\/span><span style=\"font-size: large;\">,<br \/>\nVainquons ou mourons, mais dans la dignit\u00e9,<br \/>\nGrand Dieu, toi seul nous a exalt\u00e9s,<br \/>\nDu Togo pour la prosp\u00e9rit\u00e9,<br \/>\nTogolais viens, b\u00e2tissons la cit\u00e9.<\/span><\/p>\n<p align=\"center\"><span style=\"font-size: large;\">Dans l&rsquo;unit\u00e9 nous voulons te servir,<br \/>\nC&rsquo;est bien l\u00e0 de nos c\u0153urs, le plus ardent d\u00e9sir,<br \/>\nClamons fort notre devise,<br \/>\nQue rien ne peut ternir.<br \/>\nSeul artisan de ton bonheur, ainsi que de ton avenir,<br \/>\nbrisons partout les cha\u00eenes de la tr<\/span><span style=\"font-size: large;\">a\u00eetrise,<br \/>\nEt nous te jurons toujours fid\u00e9lit\u00e9,<br \/>\nEt aimer servir, se d\u00e9passer,<br \/>\nFaire encore de toi sans nous lasser,<br \/>\nTogo ch\u00e9ri, l&rsquo;or de l&rsquo;humanit\u00e9.<\/span><\/p>\n<p align=\"center\"><span style=\"font-size: large;\">Salut, Salut \u00e0 l&rsquo;Univers entier<br \/>\nUnissons nos efforts sur l&rsquo;immense chantier<br \/>\nD&rsquo;o\u00f9 na\u00eetra toute nouvelle<br \/>\nLa Grande Humanit\u00e9<br \/>\nPartout au lieu de la mis\u00e8re, apportons la f\u00e9licit\u00e9.<\/span><br \/>\n<span style=\"font-size: large;\">Chassons du mond<\/span><span style=\"font-size: large;\">e la haine rebelle<br \/>\nFinis l&rsquo;esclavage et la Captivit\u00e9<br \/>\nA l&rsquo;\u00e9toile de la libert\u00e9,<br \/>\nRenouons la solidarit\u00e9<br \/>\nDes Nations dans la fraternit\u00e9.<\/span><\/p>\n","protected":false},"excerpt":{"rendered":"<p>Le drapeau du Togo Ahyi Paul est le cr\u00e9ateur du drapeau togolais. Celui-ci fut adopt\u00e9 au moment de l&rsquo;ind\u00e9pendance, les cinq bandes horizontales vertes repr\u00e9sentent la foi en l&rsquo;avenir et les produits de la terre, les bandes jaunes le travail &hellip; <a href=\"https:\/\/www.urgencetogo.fr\/?page_id=270\">Continuer la lecture <span class=\"meta-nav\">&rarr;<\/span><\/a><\/p>\n","protected":false},"author":9,"featured_media":0,"parent":0,"menu_order":0,"comment_status":"closed","ping_status":"open","template":"","meta":{"_mc_calendar":[]},"_links":{"self":[{"href":"https:\/\/www.urgencetogo.fr\/index.php?rest_route=\/wp\/v2\/pages\/270"}],"collection":[{"href":"https:\/\/www.urgencetogo.fr\/index.php?rest_route=\/wp\/v2\/pages"}],"about":[{"href":"https:\/\/www.urgencetogo.fr\/index.php?rest_route=\/wp\/v2\/types\/page"}],"author":[{"embeddable":true,"href":"https:\/\/www.urgencetogo.fr\/index.php?rest_route=\/wp\/v2\/users\/9"}],"replies":[{"embeddable":true,"href":"https:\/\/www.urgencetogo.fr\/index.php?rest_route=%2Fwp%2Fv2%2Fcomments&post=270"}],"version-history":[{"count":16,"href":"https:\/\/www.urgencetogo.fr\/index.php?rest_route=\/wp\/v2\/pages\/270\/revisions"}],"predecessor-version":[{"id":446,"href":"https:\/\/www.urgencetogo.fr\/index.php?rest_route=\/wp\/v2\/pages\/270\/revisions\/446"}],"wp:attachment":[{"href":"https:\/\/www.urgencetogo.fr\/index.php?rest_route=%2Fwp%2Fv2%2Fmedia&parent=270"}],"curies":[{"name":"wp","href":"https:\/\/api.w.org\/{rel}","templated":true}]}}