{"id":251,"date":"2015-04-23T16:27:07","date_gmt":"2015-04-23T16:27:07","guid":{"rendered":"http:\/\/www.urgencetogo.fr\/?page_id=251"},"modified":"2017-02-20T16:26:35","modified_gmt":"2017-02-20T16:26:35","slug":"partenaires","status":"publish","type":"page","link":"https:\/\/www.urgencetogo.fr\/?page_id=251","title":{"rendered":"Partenaires"},"content":{"rendered":"<p align=\"justify\"><span style=\"font-size: x-large;\">Ci-dessous quelques sites en lien avec Urgence Togo\u00a0:<\/span><\/p>\n<p style=\"padding-left: 30px;\" align=\"justify\"><em><a href=\"https:\/\/chezmassoka.wordpress.com\/\"><span style=\"color: #000000;\"><span style=\"font-size: large;\"><i>La ferme de la Papaye verte \u00e0 Pouda-Kawa<\/i><\/span><\/span><\/a><\/em><\/p>\n<p style=\"padding-left: 30px;\" align=\"justify\"><em><a href=\"http:\/\/www.dagbeneva.fr\/\"><span style=\"color: #000000;\"><span style=\"font-size: large;\"><i>Association d&rsquo;Agbeneva<\/i><\/span><\/span><\/a><\/em><\/p>\n<p style=\"padding-left: 30px;\"><em><a href=\"http:\/\/www.yovotogo.fr\/\"><span style=\"color: #000000;\"><span style=\"font-size: large;\"><i>Association Yovo Togo<\/i><\/span><\/span><\/a><\/em><\/p>\n<p style=\"padding-left: 30px;\"><em><a href=\"http:\/\/enfantskara.jimdo.com\/\"><span style=\"color: #000000;\"><span style=\"font-size: large;\"><i>Association Les enfants de Kara<\/i><\/span><\/span><\/a><\/em><span style=\"font-size: large;\">\u00a0<\/span><\/p>\n<p style=\"padding-left: 30px;\" align=\"justify\"><em><a href=\"http:\/\/www.dekonou.com\/\"><span style=\"color: #000000;\"><span style=\"font-size: large;\"><i>Groupe Dekonou<\/i><\/span><\/span><\/a><\/em><\/p>\n<p style=\"padding-left: 30px;\" align=\"justify\"><em><a href=\"http:\/\/survie.org\/?lang=fr\"><span style=\"color: #000000;\"><span style=\"font-size: large;\"><i>Survie<\/i><\/span><\/span><\/a><\/em><\/p>\n<p style=\"padding-left: 30px;\" align=\"justify\"><a href=\"http:\/\/www.solidaritebrulesnanteslome.fr\/\"><span style=\"color: #000000;\"><span style=\"font-size: large;\"><i>Solidarit\u00e9 br\u00fbl\u00e9s Nantes \u2013 Lom\u00e9<\/i><\/span><\/span><\/a><\/p>\n<p style=\"padding-left: 30px;\" align=\"justify\">Biblioth\u00e8que KISITO : http:\/\/clubkisitojeunesse.org\/<\/p>\n<p style=\"padding-left: 30px;\" align=\"justify\">\n","protected":false},"excerpt":{"rendered":"<p>Ci-dessous quelques sites en lien avec Urgence Togo\u00a0: La ferme de la Papaye verte \u00e0 Pouda-Kawa Association d&rsquo;Agbeneva Association Yovo Togo Association Les enfants de Kara\u00a0 Groupe Dekonou Survie Solidarit\u00e9 br\u00fbl\u00e9s Nantes \u2013 Lom\u00e9 Biblioth\u00e8que KISITO : http:\/\/clubkisitojeunesse.org\/<\/p>\n","protected":false},"author":9,"featured_media":0,"parent":0,"menu_order":0,"comment_status":"closed","ping_status":"open","template":"","meta":{"_mc_calendar":[]},"_links":{"self":[{"href":"https:\/\/www.urgencetogo.fr\/index.php?rest_route=\/wp\/v2\/pages\/251"}],"collection":[{"href":"https:\/\/www.urgencetogo.fr\/index.php?rest_route=\/wp\/v2\/pages"}],"about":[{"href":"https:\/\/www.urgencetogo.fr\/index.php?rest_route=\/wp\/v2\/types\/page"}],"author":[{"embeddable":true,"href":"https:\/\/www.urgencetogo.fr\/index.php?rest_route=\/wp\/v2\/users\/9"}],"replies":[{"embeddable":true,"href":"https:\/\/www.urgencetogo.fr\/index.php?rest_route=%2Fwp%2Fv2%2Fcomments&post=251"}],"version-history":[{"count":15,"href":"https:\/\/www.urgencetogo.fr\/index.php?rest_route=\/wp\/v2\/pages\/251\/revisions"}],"predecessor-version":[{"id":713,"href":"https:\/\/www.urgencetogo.fr\/index.php?rest_route=\/wp\/v2\/pages\/251\/revisions\/713"}],"wp:attachment":[{"href":"https:\/\/www.urgencetogo.fr\/index.php?rest_route=%2Fwp%2Fv2%2Fmedia&parent=251"}],"curies":[{"name":"wp","href":"https:\/\/api.w.org\/{rel}","templated":true}]}}