{"id":248,"date":"2015-04-23T16:26:05","date_gmt":"2015-04-23T16:26:05","guid":{"rendered":"http:\/\/www.urgencetogo.fr\/?page_id=248"},"modified":"2015-04-24T11:14:14","modified_gmt":"2015-04-24T11:14:14","slug":"contacts-3","status":"publish","type":"page","link":"https:\/\/www.urgencetogo.fr\/?page_id=248","title":{"rendered":"Contacts"},"content":{"rendered":"<p><span style=\"font-size: x-large;\">Voici les diff\u00e9rents moyens pour nous contacter\u00a0:<\/span><\/p>\n<p><span style=\"text-decoration: underline;\"><strong>Mail<\/strong><\/span> : <span style=\"text-decoration: underline;\">urgence-togo@orange.fr<\/span><\/p>\n<p><span style=\"text-decoration: underline;\"><strong>T\u00e9l\u00e9phone<\/strong><\/span> : 02 40 50 18 54<\/p>\n<p><span style=\"text-decoration: underline;\"><strong>Adresse<\/strong><\/span><strong> <\/strong>: 29 rue de la Papoti\u00e8re 44300 NANTES<\/p>\n<p>&nbsp;<\/p>\n<p>&nbsp;<\/p>\n","protected":false},"excerpt":{"rendered":"<p>Voici les diff\u00e9rents moyens pour nous contacter\u00a0: Mail : urgence-togo@orange.fr T\u00e9l\u00e9phone : 02 40 50 18 54 Adresse : 29 rue de la Papoti\u00e8re 44300 NANTES &nbsp; &nbsp;<\/p>\n","protected":false},"author":9,"featured_media":0,"parent":0,"menu_order":0,"comment_status":"closed","ping_status":"open","template":"","meta":{"_mc_calendar":[]},"_links":{"self":[{"href":"https:\/\/www.urgencetogo.fr\/index.php?rest_route=\/wp\/v2\/pages\/248"}],"collection":[{"href":"https:\/\/www.urgencetogo.fr\/index.php?rest_route=\/wp\/v2\/pages"}],"about":[{"href":"https:\/\/www.urgencetogo.fr\/index.php?rest_route=\/wp\/v2\/types\/page"}],"author":[{"embeddable":true,"href":"https:\/\/www.urgencetogo.fr\/index.php?rest_route=\/wp\/v2\/users\/9"}],"replies":[{"embeddable":true,"href":"https:\/\/www.urgencetogo.fr\/index.php?rest_route=%2Fwp%2Fv2%2Fcomments&post=248"}],"version-history":[{"count":4,"href":"https:\/\/www.urgencetogo.fr\/index.php?rest_route=\/wp\/v2\/pages\/248\/revisions"}],"predecessor-version":[{"id":313,"href":"https:\/\/www.urgencetogo.fr\/index.php?rest_route=\/wp\/v2\/pages\/248\/revisions\/313"}],"wp:attachment":[{"href":"https:\/\/www.urgencetogo.fr\/index.php?rest_route=%2Fwp%2Fv2%2Fmedia&parent=248"}],"curies":[{"name":"wp","href":"https:\/\/api.w.org\/{rel}","templated":true}]}}