{"id":242,"date":"2015-04-23T16:24:07","date_gmt":"2015-04-23T16:24:07","guid":{"rendered":"http:\/\/www.urgencetogo.fr\/?page_id=242"},"modified":"2015-04-27T11:05:31","modified_gmt":"2015-04-27T11:05:31","slug":"cocdd","status":"publish","type":"page","link":"https:\/\/www.urgencetogo.fr\/?page_id=242","title":{"rendered":"Biblioth\u00e8que Kisito"},"content":{"rendered":"<p align=\"justify\"><span style=\"font-size: large;\"><span style=\"color: #00cc00;\"><b><a href=\"http:\/\/www.urgencetogo.fr\/wp-content\/uploads\/2015\/02\/Kisito-1.jpg\"><img loading=\"lazy\" class=\" size-medium wp-image-138 alignleft\" src=\"http:\/\/www.urgencetogo.fr\/wp-content\/uploads\/2015\/02\/Kisito-1-300x200.jpg\" alt=\"Kisito 1\" width=\"300\" height=\"200\" srcset=\"https:\/\/www.urgencetogo.fr\/wp-content\/uploads\/2015\/02\/Kisito-1-300x200.jpg 300w, https:\/\/www.urgencetogo.fr\/wp-content\/uploads\/2015\/02\/Kisito-1-1024x683.jpg 1024w\" sizes=\"(max-width: 300px) 100vw, 300px\" \/><\/a><span style=\"color: #99cc00;\">Biblioth\u00e8que de quartier<\/span><\/b><\/span> destin\u00e9e aux enfants du quartier. L&rsquo;objectif de ce lieu est d&rsquo;offrir aux jeunes la possibilit\u00e9 de se retrouver apr\u00e8s l&rsquo;\u00e9cole ou pendant les vacances pour lire un livre, jouer dans la cours, \u00e0 un jeu de soci\u00e9t\u00e9 ou \u00e0 un jeu vid\u00e9o. En effet la biblioth\u00e8que comprend une salle de lecture, une cours et une salle de jeux vid\u00e9os. De jeunes b\u00e9n\u00e9voles animent le lieu et font des activit\u00e9s avec les enfants.\u00a0<\/span><\/p>\n<p style=\"text-align: center;\" align=\"justify\"><span style=\"font-size: x-large;\"><span style=\"color: #99cc00;\"><b><a href=\"http:\/\/www.urgencetogo.fr\/wp-content\/uploads\/2015\/04\/IMG_1777.jpg\"><img loading=\"lazy\" class=\"  wp-image-373 alignleft\" src=\"http:\/\/www.urgencetogo.fr\/wp-content\/uploads\/2015\/04\/IMG_1777-300x200.jpg\" alt=\"IMG_1777\" width=\"206\" height=\"137\" srcset=\"https:\/\/www.urgencetogo.fr\/wp-content\/uploads\/2015\/04\/IMG_1777-300x200.jpg 300w, https:\/\/www.urgencetogo.fr\/wp-content\/uploads\/2015\/04\/IMG_1777-1024x683.jpg 1024w\" sizes=\"(max-width: 206px) 100vw, 206px\" \/><b><b><b><b><\/b><\/b><\/b><\/b><\/a><b><b><b><a href=\"http:\/\/www.urgencetogo.fr\/wp-content\/uploads\/2015\/02\/Kisito-2.jpg\"><img loading=\"lazy\" class=\"  wp-image-139 alignleft\" src=\"http:\/\/www.urgencetogo.fr\/wp-content\/uploads\/2015\/02\/Kisito-2-300x200.jpg\" alt=\"Kisito 2\" width=\"204\" height=\"136\" srcset=\"https:\/\/www.urgencetogo.fr\/wp-content\/uploads\/2015\/02\/Kisito-2-300x200.jpg 300w, https:\/\/www.urgencetogo.fr\/wp-content\/uploads\/2015\/02\/Kisito-2-1024x683.jpg 1024w\" sizes=\"(max-width: 204px) 100vw, 204px\" \/><\/a><\/b><\/b><\/b><\/b><\/span><\/span><b><\/b><b><\/b><b><\/b><b><\/b><b><\/b><\/p>\n<p style=\"text-align: center;\" align=\"justify\"><span style=\"font-size: large;\">Urgence Togo y a financ\u00e9 essentiellement du mobilier.<\/span><\/p>\n","protected":false},"excerpt":{"rendered":"<p>Biblioth\u00e8que de quartier destin\u00e9e aux enfants du quartier. L&rsquo;objectif de ce lieu est d&rsquo;offrir aux jeunes la possibilit\u00e9 de se retrouver apr\u00e8s l&rsquo;\u00e9cole ou pendant les vacances pour lire un livre, jouer dans la cours, \u00e0 un jeu de soci\u00e9t\u00e9 &hellip; <a href=\"https:\/\/www.urgencetogo.fr\/?page_id=242\">Continuer la lecture <span class=\"meta-nav\">&rarr;<\/span><\/a><\/p>\n","protected":false},"author":9,"featured_media":0,"parent":0,"menu_order":0,"comment_status":"closed","ping_status":"open","template":"","meta":{"_mc_calendar":[]},"_links":{"self":[{"href":"https:\/\/www.urgencetogo.fr\/index.php?rest_route=\/wp\/v2\/pages\/242"}],"collection":[{"href":"https:\/\/www.urgencetogo.fr\/index.php?rest_route=\/wp\/v2\/pages"}],"about":[{"href":"https:\/\/www.urgencetogo.fr\/index.php?rest_route=\/wp\/v2\/types\/page"}],"author":[{"embeddable":true,"href":"https:\/\/www.urgencetogo.fr\/index.php?rest_route=\/wp\/v2\/users\/9"}],"replies":[{"embeddable":true,"href":"https:\/\/www.urgencetogo.fr\/index.php?rest_route=%2Fwp%2Fv2%2Fcomments&post=242"}],"version-history":[{"count":12,"href":"https:\/\/www.urgencetogo.fr\/index.php?rest_route=\/wp\/v2\/pages\/242\/revisions"}],"predecessor-version":[{"id":406,"href":"https:\/\/www.urgencetogo.fr\/index.php?rest_route=\/wp\/v2\/pages\/242\/revisions\/406"}],"wp:attachment":[{"href":"https:\/\/www.urgencetogo.fr\/index.php?rest_route=%2Fwp%2Fv2%2Fmedia&parent=242"}],"curies":[{"name":"wp","href":"https:\/\/api.w.org\/{rel}","templated":true}]}}