{"id":239,"date":"2015-04-23T16:22:50","date_gmt":"2015-04-23T16:22:50","guid":{"rendered":"http:\/\/www.urgencetogo.fr\/?page_id=239"},"modified":"2019-02-02T14:43:05","modified_gmt":"2019-02-02T14:43:05","slug":"contacts-2","status":"publish","type":"page","link":"https:\/\/www.urgencetogo.fr\/?page_id=239","title":{"rendered":"VIllage de  KPEYIDJI"},"content":{"rendered":"<h1 class=\"entry-title\">UNE SALLE DE CLASSE POUR LE COLLEGE DE KPEYIDJI<\/h1>\n<div class=\"entry-meta\"><span class=\"meta-prep meta-prep-author\">Publi\u00e9 le<\/span> <a title=\"16 h 23\" href=\"http:\/\/www.urgencetogo.fr\/?p=803\" rel=\"bookmark\"><span class=\"entry-date\">25 septembre 2018<\/span><\/a> <span class=\"meta-sep\">par<\/span> <span class=\"author vcard\"><a class=\"url fn n\" title=\"Afficher tous les articles par Urgence Togo\" href=\"http:\/\/www.urgencetogo.fr\/?author=3\">Urgence Togo<\/a><\/span><\/div>\n<div class=\"entry-content\">\n<p>Urgence Togo a d\u00e9cid\u00e9 de financer la construction d\u2019une salle de classe pour le CEG de Kp\u00e9yidji.<\/p>\n<p>Situ\u00e9 \u00e0 une centaine de kilom\u00e8tres de Lom\u00e9 , Kp\u00e9yidji est un village dont la population est estim\u00e9e \u00e0 environ 3000 habitants. Il est essentiellement agricole.<\/p>\n<p><a href=\"http:\/\/www.urgencetogo.fr\/wp-content\/uploads\/2018\/09\/IMG_20180226_141934.jpg\"><img loading=\"lazy\" class=\"alignnone size-medium wp-image-815\" src=\"http:\/\/www.urgencetogo.fr\/wp-content\/uploads\/2018\/09\/IMG_20180226_141934-300x225.jpg\" sizes=\"(max-width: 300px) 100vw, 300px\" srcset=\"http:\/\/www.urgencetogo.fr\/wp-content\/uploads\/2018\/09\/IMG_20180226_141934-300x225.jpg 300w, http:\/\/www.urgencetogo.fr\/wp-content\/uploads\/2018\/09\/IMG_20180226_141934-768x576.jpg 768w, http:\/\/www.urgencetogo.fr\/wp-content\/uploads\/2018\/09\/IMG_20180226_141934.jpg 1000w\" alt=\"\" width=\"300\" height=\"225\" \/>\u00a0\u00a0\u00a0\u00a0<\/a><a href=\"http:\/\/www.urgencetogo.fr\/wp-content\/uploads\/2018\/09\/IMG_20180226_132923.jpg\"><img loading=\"lazy\" class=\"alignnone size-medium wp-image-810\" src=\"http:\/\/www.urgencetogo.fr\/wp-content\/uploads\/2018\/09\/IMG_20180226_132923-300x225.jpg\" sizes=\"(max-width: 300px) 100vw, 300px\" srcset=\"http:\/\/www.urgencetogo.fr\/wp-content\/uploads\/2018\/09\/IMG_20180226_132923-300x225.jpg 300w, http:\/\/www.urgencetogo.fr\/wp-content\/uploads\/2018\/09\/IMG_20180226_132923-768x576.jpg 768w, http:\/\/www.urgencetogo.fr\/wp-content\/uploads\/2018\/09\/IMG_20180226_132923.jpg 1000w\" alt=\"\" width=\"300\" height=\"225\" \/><\/a><\/p>\n<p>Apr\u00e8s avoir cr\u00e9\u00e9 une EDIL ( Ecole d\u2019Initiative Locale) en 1990, aujourd\u2019hui reconnue par l\u2019\u00e9tat , les villageois ont mis en place un CEGIL ( Coll\u00e8ge d\u2019Enseignement G\u00e9n\u00e9ral d\u2019Initiative Locale). Actuellement 150 enfants y sont scolaris\u00e9s, venant des 5 villages les plus proches. Les traitements des enseignants est pris en charge par le village. Les salles de classe y sont pr\u00e9caires et soumises aux intemp\u00e9ries, mettant en p\u00e9ril la bonne tenue des cours.<\/p>\n<p><a href=\"http:\/\/www.urgencetogo.fr\/wp-content\/uploads\/2018\/09\/DSC07221.jpg\"><img loading=\"lazy\" class=\" wp-image-807 aligncenter\" src=\"http:\/\/www.urgencetogo.fr\/wp-content\/uploads\/2018\/09\/DSC07221-300x225.jpg\" sizes=\"(max-width: 504px) 100vw, 504px\" srcset=\"http:\/\/www.urgencetogo.fr\/wp-content\/uploads\/2018\/09\/DSC07221-300x225.jpg 300w, http:\/\/www.urgencetogo.fr\/wp-content\/uploads\/2018\/09\/DSC07221-768x576.jpg 768w, http:\/\/www.urgencetogo.fr\/wp-content\/uploads\/2018\/09\/DSC07221.jpg 1000w\" alt=\"\" width=\"504\" height=\"378\" \/><\/a><\/p>\n<p>A la demande du Groupement Villageois de D\u00e9veloppement, Urgence Togo\u00a0 a d\u00e9cid\u00e9 de participer financi\u00e8rement \u00e0 la construction d\u2019une salle de classe pour une somme de 5000\u20ac vers\u00e9e en deux fois. Avec la participation de la population du village , les travaux vont commencer tr\u00e8s prochainement.<\/p>\n<p><a href=\"http:\/\/www.urgencetogo.fr\/wp-content\/uploads\/2018\/09\/IMG_20180226_135602.jpg\"><img loading=\"lazy\" class=\"alignnone size-medium wp-image-814\" src=\"http:\/\/www.urgencetogo.fr\/wp-content\/uploads\/2018\/09\/IMG_20180226_135602-300x225.jpg\" sizes=\"(max-width: 300px) 100vw, 300px\" srcset=\"http:\/\/www.urgencetogo.fr\/wp-content\/uploads\/2018\/09\/IMG_20180226_135602-300x225.jpg 300w, http:\/\/www.urgencetogo.fr\/wp-content\/uploads\/2018\/09\/IMG_20180226_135602-768x576.jpg 768w, http:\/\/www.urgencetogo.fr\/wp-content\/uploads\/2018\/09\/IMG_20180226_135602.jpg 1000w\" alt=\"\" width=\"300\" height=\"225\" \/>\u00a0\u00a0\u00a0<\/a><a href=\"http:\/\/www.urgencetogo.fr\/wp-content\/uploads\/2018\/09\/DSC07174.jpg\"><img loading=\"lazy\" class=\"alignnone size-medium wp-image-806\" src=\"http:\/\/www.urgencetogo.fr\/wp-content\/uploads\/2018\/09\/DSC07174-300x225.jpg\" sizes=\"(max-width: 300px) 100vw, 300px\" srcset=\"http:\/\/www.urgencetogo.fr\/wp-content\/uploads\/2018\/09\/DSC07174-300x225.jpg 300w, http:\/\/www.urgencetogo.fr\/wp-content\/uploads\/2018\/09\/DSC07174-768x576.jpg 768w, http:\/\/www.urgencetogo.fr\/wp-content\/uploads\/2018\/09\/DSC07174.jpg 1000w\" alt=\"\" width=\"300\" height=\"225\" \/><\/a><\/p>\n<\/div>\n","protected":false},"excerpt":{"rendered":"<p>UNE SALLE DE CLASSE POUR LE COLLEGE DE KPEYIDJI Publi\u00e9 le 25 septembre 2018 par Urgence Togo Urgence Togo a d\u00e9cid\u00e9 de financer la construction d\u2019une salle de classe pour le CEG de Kp\u00e9yidji. Situ\u00e9 \u00e0 une centaine de kilom\u00e8tres &hellip; <a href=\"https:\/\/www.urgencetogo.fr\/?page_id=239\">Continuer la lecture <span class=\"meta-nav\">&rarr;<\/span><\/a><\/p>\n","protected":false},"author":9,"featured_media":0,"parent":0,"menu_order":0,"comment_status":"closed","ping_status":"open","template":"","meta":{"_mc_calendar":[]},"_links":{"self":[{"href":"https:\/\/www.urgencetogo.fr\/index.php?rest_route=\/wp\/v2\/pages\/239"}],"collection":[{"href":"https:\/\/www.urgencetogo.fr\/index.php?rest_route=\/wp\/v2\/pages"}],"about":[{"href":"https:\/\/www.urgencetogo.fr\/index.php?rest_route=\/wp\/v2\/types\/page"}],"author":[{"embeddable":true,"href":"https:\/\/www.urgencetogo.fr\/index.php?rest_route=\/wp\/v2\/users\/9"}],"replies":[{"embeddable":true,"href":"https:\/\/www.urgencetogo.fr\/index.php?rest_route=%2Fwp%2Fv2%2Fcomments&post=239"}],"version-history":[{"count":5,"href":"https:\/\/www.urgencetogo.fr\/index.php?rest_route=\/wp\/v2\/pages\/239\/revisions"}],"predecessor-version":[{"id":851,"href":"https:\/\/www.urgencetogo.fr\/index.php?rest_route=\/wp\/v2\/pages\/239\/revisions\/851"}],"wp:attachment":[{"href":"https:\/\/www.urgencetogo.fr\/index.php?rest_route=%2Fwp%2Fv2%2Fmedia&parent=239"}],"curies":[{"name":"wp","href":"https:\/\/api.w.org\/{rel}","templated":true}]}}