{"id":236,"date":"2015-04-23T16:20:00","date_gmt":"2015-04-23T16:20:00","guid":{"rendered":"http:\/\/www.urgencetogo.fr\/?page_id=236"},"modified":"2016-12-28T16:58:30","modified_gmt":"2016-12-28T16:58:30","slug":"le-togo-3","status":"publish","type":"page","link":"https:\/\/www.urgencetogo.fr\/?page_id=236","title":{"rendered":"Dispensaire de Pouda"},"content":{"rendered":"<p align=\"justify\"><strong><span style=\"font-family: Liberation Serif,serif;\"><span style=\"font-size: large;\">Pouda<\/span><\/span><\/strong><span style=\"font-family: Liberation Serif,serif;\"><span style=\"font-size: large;\"> est un village au <\/span><\/span><strong><span style=\"font-family: Liberation Serif,serif;\"><span style=\"font-size: large;\">nord est du Togo<\/span><\/span><\/strong><span style=\"font-family: Liberation Serif,serif;\"><span style=\"font-size: large;\">, dans la r\u00e9gion de Kara, \u00e0 une trentaine de kilom\u00e8tres de Niamtougou. Urgence Togo \u0153uvre au sein de ce village avec l\u2019appui des <\/span><\/span><span style=\"font-family: Liberation Serif,serif;\"><span style=\"font-size: large;\"><b>s\u0153urs des campagnes<\/b><\/span><\/span><span style=\"font-family: Liberation Serif,serif;\"><span style=\"font-size: large;\"> (pr\u00e9sentes depuis 1981) ainsi que de J\u00e9r\u00e9mie (fermier du village) qui a ouvert un accueil \u00e0 la ferme <\/span><\/span><a href=\"https:\/\/chezmassoka.wordpress.com\/\"><span style=\"font-family: Liberation Serif,serif;\"><span style=\"font-size: large;\"><b>La papaye verte<\/b><\/span><\/span><\/a><span style=\"font-family: Liberation Serif,serif;\"><span style=\"font-size: large;\"><i><b>.<\/b><\/i><\/span><\/span><\/p>\n<p style=\"text-align: center;\" align=\"justify\"><span style=\"font-family: Liberation Serif,serif;\"><span style=\"font-size: large;\">Son petit <strong>dispensaire<\/strong> est n\u00e9cessaire aux habitants de cette r\u00e9gion. <\/span><\/span><\/p>\n<p style=\"text-align: center;\" align=\"justify\"><span style=\"font-size: large;\"><span style=\"font-size: x-large;\"><span style=\"font-size: x-large;\"><span style=\"font-size: x-large;\"><a href=\"http:\/\/www.urgencetogo.fr\/wp-content\/uploads\/2015\/04\/IMG_1982.jpg\"><img loading=\"lazy\" class=\" wp-image-385 aligncenter\" src=\"http:\/\/www.urgencetogo.fr\/wp-content\/uploads\/2015\/04\/IMG_1982-300x200.jpg\" alt=\"IMG_1982\" width=\"242\" height=\"161\" srcset=\"https:\/\/www.urgencetogo.fr\/wp-content\/uploads\/2015\/04\/IMG_1982-300x200.jpg 300w, https:\/\/www.urgencetogo.fr\/wp-content\/uploads\/2015\/04\/IMG_1982-1024x683.jpg 1024w\" sizes=\"(max-width: 242px) 100vw, 242px\" \/><\/a><\/span><\/span><\/span>L&rsquo;\u00e9quipement y est rudimentaire mais non moins n\u00e9cessaire.<\/span><\/p>\n<p style=\"text-align: justify;\"><span style=\"font-size: x-large;\"><a href=\"http:\/\/www.urgencetogo.fr\/wp-content\/uploads\/2015\/04\/IMG_0183.jpg\"><img loading=\"lazy\" class=\"alignleft wp-image-380\" src=\"http:\/\/www.urgencetogo.fr\/wp-content\/uploads\/2015\/04\/IMG_0183-300x200.jpg\" alt=\"IMG_0183\" width=\"225\" height=\"150\" srcset=\"https:\/\/www.urgencetogo.fr\/wp-content\/uploads\/2015\/04\/IMG_0183-300x200.jpg 300w, https:\/\/www.urgencetogo.fr\/wp-content\/uploads\/2015\/04\/IMG_0183-1024x683.jpg 1024w\" sizes=\"(max-width: 225px) 100vw, 225px\" \/><\/a><\/span><span style=\"font-size: x-large;\"><a href=\"http:\/\/www.urgencetogo.fr\/wp-content\/uploads\/2015\/04\/IMG_1979.jpg\"><img loading=\"lazy\" class=\"alignleft wp-image-383\" src=\"http:\/\/www.urgencetogo.fr\/wp-content\/uploads\/2015\/04\/IMG_1979-300x200.jpg\" alt=\"IMG_1979\" width=\"225\" height=\"150\" srcset=\"https:\/\/www.urgencetogo.fr\/wp-content\/uploads\/2015\/04\/IMG_1979-300x200.jpg 300w, https:\/\/www.urgencetogo.fr\/wp-content\/uploads\/2015\/04\/IMG_1979-1024x683.jpg 1024w\" sizes=\"(max-width: 225px) 100vw, 225px\" \/><\/a><\/span><span style=\"font-size: x-large;\"><a href=\"http:\/\/www.urgencetogo.fr\/wp-content\/uploads\/2015\/04\/IMG_1974.jpg\"><img loading=\"lazy\" class=\"alignleft wp-image-382\" src=\"http:\/\/www.urgencetogo.fr\/wp-content\/uploads\/2015\/04\/IMG_1974-200x300.jpg\" alt=\"IMG_1974\" width=\"100\" height=\"150\" srcset=\"https:\/\/www.urgencetogo.fr\/wp-content\/uploads\/2015\/04\/IMG_1974-200x300.jpg 200w, https:\/\/www.urgencetogo.fr\/wp-content\/uploads\/2015\/04\/IMG_1974-683x1024.jpg 683w\" sizes=\"(max-width: 100px) 100vw, 100px\" \/><\/a><\/span><\/p>\n<p align=\"justify\"><span style=\"font-size: large;\">\u00a0<\/span><\/p>\n<p style=\"text-align: justify;\"><span style=\"font-size: x-large;\">\u00a0<\/span><\/p>\n<p align=\"justify\"><span style=\"font-family: Times New Roman,serif;\"><span style=\"font-size: medium;\"><span style=\"font-family: Liberation Serif,serif;\"><span style=\"font-size: large;\">Apr\u00e8s avoir les ann\u00e9es pass\u00e9es \u00e9quiper le dispensaire d\u2019un <strong>panneau solaire<\/strong>, qui permet \u00e0 la matrone ainsi qu\u2019a l\u2019infirmier d\u2019effectuer les soins et les accouchements dans de meilleures conditions la nuit. L&rsquo;association Urgence Togo, a d\u00e9cid\u00e9 de <strong>soutenir la construction d&rsquo;un logement pour l&rsquo;infirmier du dispensaire de Pouda<\/strong>.<\/span><\/span><\/span><\/span><\/p>\n<p align=\"justify\"><span style=\"font-family: Times New Roman,serif;\"><span style=\"font-size: medium;\"><span style=\"font-family: Liberation Serif,serif;\"><span style=\"font-size: large;\">L&rsquo;absence de logement oblige l&rsquo;infirmier \u00e0 se loger en ville, loin du dispensaire et il ne peut donc pas r\u00e9pondre rapidement aux besoins des villageois.<\/span><\/span><\/span><\/span><\/p>\n<p align=\"justify\"><span style=\"font-family: Liberation Serif,serif;\"><span style=\"font-size: large;\">Le<strong> groupement de villageois<\/strong> a donc souhait\u00e9<strong> installer l&rsquo;infirmier sur place<\/strong>. Il a sollicit\u00e9 Urgence Togo pour l&rsquo;aider \u00e0 r\u00e9aliser ce logement (pour un montant de 4500 \u20ac). Celui-ci a \u00e9t\u00e9 <strong>inaugur\u00e9 le 28 mars 2015<\/strong> en pr\u00e9sence des <strong>membres du groupe relais d\u2019Urgence Togo<\/strong>. <\/span><\/span><\/p>\n<p align=\"justify\"><a href=\"http:\/\/www.urgencetogo.fr\/wp-content\/uploads\/2015\/06\/jL8_BrsHZbZyajQad2YMc0ouL3-4RHwkC4ohm1qjfK8YjwHtGRia6NiQaAwnsZjZlGoRi2pQIu0y5Xef5JY1n4.jpeg\"><img loading=\"lazy\" class=\"alignnone wp-image-552\" src=\"http:\/\/www.urgencetogo.fr\/wp-content\/uploads\/2015\/06\/jL8_BrsHZbZyajQad2YMc0ouL3-4RHwkC4ohm1qjfK8YjwHtGRia6NiQaAwnsZjZlGoRi2pQIu0y5Xef5JY1n4-300x225.jpeg\" alt=\"jL8_BrsHZbZyajQad2YMc0ouL3-4RHwkC4ohm1qjfK8,YjwHtGRia6NiQaAwnsZjZlGoRi2pQIu0y5Xef5JY1n4\" width=\"276\" height=\"207\" srcset=\"https:\/\/www.urgencetogo.fr\/wp-content\/uploads\/2015\/06\/jL8_BrsHZbZyajQad2YMc0ouL3-4RHwkC4ohm1qjfK8YjwHtGRia6NiQaAwnsZjZlGoRi2pQIu0y5Xef5JY1n4-300x225.jpeg 300w, https:\/\/www.urgencetogo.fr\/wp-content\/uploads\/2015\/06\/jL8_BrsHZbZyajQad2YMc0ouL3-4RHwkC4ohm1qjfK8YjwHtGRia6NiQaAwnsZjZlGoRi2pQIu0y5Xef5JY1n4-1024x768.jpeg 1024w, https:\/\/www.urgencetogo.fr\/wp-content\/uploads\/2015\/06\/jL8_BrsHZbZyajQad2YMc0ouL3-4RHwkC4ohm1qjfK8YjwHtGRia6NiQaAwnsZjZlGoRi2pQIu0y5Xef5JY1n4.jpeg 1280w\" sizes=\"(max-width: 276px) 100vw, 276px\" \/><\/a><a href=\"http:\/\/www.urgencetogo.fr\/wp-content\/uploads\/2015\/06\/tNthr3tXIxzYpEXeelzdGWjixB_EXfbw4GqZ5HA7orgq1JHhxK4dmN_bYC4CFHbXQqql-rS9qmzxKL0cOwFRO4.jpeg\"><img loading=\"lazy\" class=\"alignnone wp-image-547\" src=\"http:\/\/www.urgencetogo.fr\/wp-content\/uploads\/2015\/06\/tNthr3tXIxzYpEXeelzdGWjixB_EXfbw4GqZ5HA7orgq1JHhxK4dmN_bYC4CFHbXQqql-rS9qmzxKL0cOwFRO4-300x225.jpeg\" alt=\"tNthr3tXIxzYpEXeelzdGWjixB_EXfbw4GqZ5HA7org,q1JHhxK4dmN_bYC4CFHbXQqql-rS9qmzxKL0cOwFRO4\" width=\"272\" height=\"204\" srcset=\"https:\/\/www.urgencetogo.fr\/wp-content\/uploads\/2015\/06\/tNthr3tXIxzYpEXeelzdGWjixB_EXfbw4GqZ5HA7orgq1JHhxK4dmN_bYC4CFHbXQqql-rS9qmzxKL0cOwFRO4-300x225.jpeg 300w, https:\/\/www.urgencetogo.fr\/wp-content\/uploads\/2015\/06\/tNthr3tXIxzYpEXeelzdGWjixB_EXfbw4GqZ5HA7orgq1JHhxK4dmN_bYC4CFHbXQqql-rS9qmzxKL0cOwFRO4-1024x768.jpeg 1024w, https:\/\/www.urgencetogo.fr\/wp-content\/uploads\/2015\/06\/tNthr3tXIxzYpEXeelzdGWjixB_EXfbw4GqZ5HA7orgq1JHhxK4dmN_bYC4CFHbXQqql-rS9qmzxKL0cOwFRO4.jpeg 1280w\" sizes=\"(max-width: 272px) 100vw, 272px\" \/><\/a><\/p>\n<p align=\"justify\"><span style=\"font-family: Liberation Serif,serif;\"><span style=\"font-size: large;\">La <strong>population s\u2019est mobilis\u00e9e<\/strong> pour remonter le sable de la rivi\u00e8re afin de fabriquer les parpaings\u00a0et a <strong>particip\u00e9 activement \u00e0 la construction<\/strong> avec l\u2019entreprise de ma\u00e7onnerie.<\/span><\/span><\/p>\n<h2 class=\"entry-title\"><a href=\"http:\/\/www.urgencetogo.fr\/?p=584\" rel=\"bookmark\">Un frigo pour le dispensaire de Pouda<\/a><\/h2>\n<div class=\"entry-meta\"><span class=\"meta-prep meta-prep-author\">Publi\u00e9 le<\/span> <a title=\"10 h 29\" href=\"http:\/\/www.urgencetogo.fr\/?p=584\" rel=\"bookmark\"><span class=\"entry-date\">26 septembre 2015<\/span><\/a> <span class=\"meta-sep\">par<\/span> <span class=\"author vcard\"><a class=\"url fn n\" title=\"Afficher tous les articles par Urgence Togo\" href=\"http:\/\/www.urgencetogo.fr\/?author=3\">Urgence Togo<\/a><\/span><\/div>\n<div class=\"entry-content\">\n<p>A la demande de Justin, le nouvel infirmier du dispensaire, de J\u00e9r\u00e9mie et des soeurs des campagnes. Urgence Togo vient de financer l\u2019achat d\u2019un frigo solaire, <strong>pour un montant de 1500\u20ac. <a href=\"http:\/\/www.urgencetogo.fr\/wp-content\/uploads\/2015\/09\/Frigo-compress%C3%A9.jpg\"><img loading=\"lazy\" class=\"alignright wp-image-580 \" src=\"http:\/\/www.urgencetogo.fr\/wp-content\/uploads\/2015\/09\/Frigo-compress%C3%A9.jpg\" alt=\"Frigo - compress\u00e9\" width=\"174\" height=\"232\" \/><\/a><\/strong><\/p>\n<p>Message de S.Claire \u00e0 propos du frigo (23\/09\/15)<\/p>\n<p>\u00ab\u00a0Il permettra de conserver les m\u00e9dicaments et les vaccins qui sont utiles aux campagnes de vaccination r\u00e9alis\u00e9es\u00a0 dans les villages autour de Pouda\u00a0\u00bb.\u00a0\u00a0 <a href=\"http:\/\/www.urgencetogo.fr\/wp-content\/uploads\/2015\/09\/Frigo-et-soignants-2-compress%C3%A9.jpg\"><img loading=\"lazy\" class=\" wp-image-582 alignleft\" src=\"http:\/\/www.urgencetogo.fr\/wp-content\/uploads\/2015\/09\/Frigo-et-soignants-2-compress%C3%A9.jpg\" alt=\"Frigo et soignants 2 compress\u00e9\" width=\"268\" height=\"357\" \/><\/a><\/p>\n<\/div>\n<div class=\"entry-utility\"><span class=\"cat-links\"> <span class=\"entry-utility-prep entry-utility-prep-cat-links\">Publi\u00e9 dans<\/span> <a href=\"http:\/\/www.urgencetogo.fr\/?cat=1\" rel=\"category\">Le Togo<\/a> <\/span> <span class=\"meta-sep\">|<\/span> <span class=\"comments-link\"><a href=\"http:\/\/www.urgencetogo.fr\/?p=584#respond\">Laisser un commentaire<\/a><\/span> <span class=\"meta-sep\">|<\/span> <span class=\"edit-link\"><a class=\"post-edit-link\" href=\"http:\/\/www.urgencetogo.fr\/wp-admin\/post.php?post=584&amp;action=edit\">Modifier<\/a><\/span><\/div>\n","protected":false},"excerpt":{"rendered":"<p>Pouda est un village au nord est du Togo, dans la r\u00e9gion de Kara, \u00e0 une trentaine de kilom\u00e8tres de Niamtougou. Urgence Togo \u0153uvre au sein de ce village avec l\u2019appui des s\u0153urs des campagnes (pr\u00e9sentes depuis 1981) ainsi que &hellip; <a href=\"https:\/\/www.urgencetogo.fr\/?page_id=236\">Continuer la lecture <span class=\"meta-nav\">&rarr;<\/span><\/a><\/p>\n","protected":false},"author":9,"featured_media":0,"parent":0,"menu_order":0,"comment_status":"closed","ping_status":"open","template":"","meta":{"_mc_calendar":[]},"_links":{"self":[{"href":"https:\/\/www.urgencetogo.fr\/index.php?rest_route=\/wp\/v2\/pages\/236"}],"collection":[{"href":"https:\/\/www.urgencetogo.fr\/index.php?rest_route=\/wp\/v2\/pages"}],"about":[{"href":"https:\/\/www.urgencetogo.fr\/index.php?rest_route=\/wp\/v2\/types\/page"}],"author":[{"embeddable":true,"href":"https:\/\/www.urgencetogo.fr\/index.php?rest_route=\/wp\/v2\/users\/9"}],"replies":[{"embeddable":true,"href":"https:\/\/www.urgencetogo.fr\/index.php?rest_route=%2Fwp%2Fv2%2Fcomments&post=236"}],"version-history":[{"count":18,"href":"https:\/\/www.urgencetogo.fr\/index.php?rest_route=\/wp\/v2\/pages\/236\/revisions"}],"predecessor-version":[{"id":710,"href":"https:\/\/www.urgencetogo.fr\/index.php?rest_route=\/wp\/v2\/pages\/236\/revisions\/710"}],"wp:attachment":[{"href":"https:\/\/www.urgencetogo.fr\/index.php?rest_route=%2Fwp%2Fv2%2Fmedia&parent=236"}],"curies":[{"name":"wp","href":"https:\/\/api.w.org\/{rel}","templated":true}]}}